{"id":2634,"date":"2017-04-11T10:38:49","date_gmt":"2017-04-11T10:38:49","guid":{"rendered":"http:\/\/www.selvaidro.it\/?page_id=1727"},"modified":"2017-04-11T10:38:49","modified_gmt":"2017-04-11T10:38:49","slug":"privacy-policy-2","status":"publish","type":"page","link":"https:\/\/selvaidro.it\/?page_id=2634","title":{"rendered":"Privacy Policy"},"content":{"rendered":"<p><span style=\"color: #ffffff;\">PERCHE&#8217; QUESTO AVVISO<\/span><\/p>\n<p>&nbsp;<\/p>\n<p><span style=\"color: #ffffff;\">Grazie per dedicare qualche minuto alla consultazione di questa sezione del nostro sito Web. La tua privacy \u00e8 molto importante per A.SELVA SNC DI FRANCIA FABIO &amp;C e per tutelarla al meglio, ti forniamo queste note in cui troverai indicazioni sul tipo di informazioni raccolte online e sulle varie possibilit\u00e0&nbsp; che hai di intervenire nella raccolta e nell&#8217;utilizzo di tali informazioni nel sito.<\/span><\/p>\n<p>&nbsp;<\/p>\n<p><span style=\"color: #ffffff;\">Si tratta di un&#8217;informativa che \u00e8 resa anche ai sensi dell&#8217;art.13 del D.Lgs. n\u00b0 196\/2003 del Codice in materia di protezione dei dati personali a coloro che interagiscono con i servizi Web A.SELVA SNC DI FRANCIA FABIO &amp;C , accessibili per via telematica a partire dall&#8217;indirizzo: http:\/\/www.selvaidro.itcorrispondente alla pagina iniziale del sito ufficiale del di A.SELVA SNC DI FRANCIA FABIO &amp;C.<\/span><\/p>\n<p>&nbsp;<\/p>\n<p><span style=\"color: #ffffff;\">L&#8217;informativa \u00e8 resa solo per il sito del di SITO di propriet\u00e0&nbsp; di A.SELVA SNC DI FRANCIA FABIO &amp;C e non anche per altri siti Web eventualmente consultati dall&#8217;utente tramite link.<\/span><\/p>\n<p>&nbsp;<\/p>\n<p><span style=\"color: #ffffff;\">L&#8217;informativa si ispira anche alla Raccomandazione n. 2\/2001 che le autorit\u00e0&nbsp; europee per la protezione dei dati personali, riunite nel Gruppo istituito dall&#8217;art.29 della Direttiva Europea N\u00b0 95\/46\/CE, hanno adottato il 17 maggio 2001 per individuare alcuni requisiti minimi per la raccolta di dati personali on-line, e, in particolare, le modalit\u00e0 , i tempi e la natura delle informazioni che i titolari del trattamento devono fornire agli utenti quando questi si collegano a pagine web, indipendentemente dagli scopi del collegamento.<\/span><\/p>\n<p>&nbsp;<\/p>\n<p><span style=\"color: #ffffff;\">IL TITOLARE DEL TRATTAMENTO<\/span><\/p>\n<p><span style=\"color: #ffffff;\">A seguito della consultazione di questo sito possono essere trattati dati relativi a persone identificate o identificabili. Il titolare del trattamento dei dati \u00e8 il A.SELVA SNC DI FRANCIA FABIO &amp;Ccon sede in &nbsp;Via della Fisica 14\/28 &#8211; 40068 San Lazzaro di Savena (BO) &#8211; Tel: 051-6256609 &#8211; Fax: 051-6255577 &#8211; P.IVA 00515341204 &#8211; C.F. 00560590374. Il responsabile del trattamento \u00e8 Fabio Francia domiciliata per lo svolgimento dell&#8217;incarico presso la sede di Via della Fisica 14\/28 &#8211; 40068 San Lazzaro di Savena (BO).<\/span><\/p>\n<p>&nbsp;<\/p>\n<p><span style=\"color: #ffffff;\">LUOGO DI TRATTAMENTO DEI DATI<\/span><\/p>\n<p><span style=\"color: #ffffff;\">I trattamenti connessi ai servizi Web di questo sito hanno luogo presso la predetta sede di A.SELVA SNC DI FRANCIA FABIO &amp;C e sono curati solo da personale tecnico incaricato del trattamento, oppure da eventuali incaricati di occasionali operazioni di manutenzione. Nessun dato derivante dal servizio web viene comunicato o diffuso. I dati personali forniti dagli utenti che inoltrano richieste di invio di materiale informativo (quali newsletter, ecc) sono utilizzati al solo fine di eseguire il servizio o la prestazione richiesta.<\/span><\/p>\n<p>&nbsp;<\/p>\n<p><span style=\"color: #ffffff;\">TIPI DI DATI TRATTATI<\/span><\/p>\n<p><span style=\"color: #ffffff;\">Dati di navigazione I sistemi informatici e le procedure software preposte al funzionamento di questo sito Web acquisiscono, nel corso del loro normale esercizio, alcuni dati personali la cui trasmissione \u00e8 implicita nell&#8217;uso dei protocolli di comunicazione di Internet.<\/span><\/p>\n<p><span style=\"color: #ffffff;\">Si tratta di informazioni che non sono raccolte per essere associate a interessati identificati, ma che per loro stessa natura potrebbero, attraverso elaborazioni ed associazioni con dati detenuti da terzi, permettere di identificare gli utenti. In questa categoria di dati rientrano gli indirizzi IP o i nomi a dominio dei computer utilizzati dagli utenti che si connettono al sito, gli indirizzi in notazione URI (Uniform Resource Identifier) delle risorse richieste, l&#8217;orario della richiesta, il metodo utilizzato nel sottoporre la richiesta al server, la dimensione del file ottenuto in risposta, il codice numerico indicante lo stato della risposta data dal server (buon fine, errore, ecc.) ed altri parametri relativi al sistema operativo e all&#8217;ambiente informatico dell&#8217;utente.<\/span><\/p>\n<p><span style=\"color: #ffffff;\">Questi dati vengono utilizzati al solo fine di ricavare informazioni statistiche anonime sull&#8217;uso del sito e per controllarne il corretto funzionamento. I dati potrebbero essere utilizzati per l&#8217;accertamento di responsabilit\u00e0&nbsp; in caso di ipotetici reati informatici ai danni del sito solo su richiesta degli organi di vigilanza preposti.<\/span><\/p>\n<p>&nbsp;<\/p>\n<p><span style=\"color: #ffffff;\">Dati forniti volontariamente dall&#8217;utente<\/span><\/p>\n<p><span style=\"color: #ffffff;\">L&#8217;invio facoltativo, esplicito e volontario di posta elettronica agli indirizzi indicati su questo sito comporta la successiva acquisizione dell&#8217;indirizzo del mittente, necessario per rispondere alle richieste, nonch\u00e8 degli eventuali altri dati personali inseriti nella missiva.<\/span><\/p>\n<p>&nbsp;<\/p>\n<p><span style=\"color: #ffffff;\">COOKIES<\/span><\/p>\n<p><span style=\"color: #ffffff;\">Nessun dato personale degli utenti viene in proposito acquisito dal sito. Non viene fatto uso di cookies per la trasmissione di informazioni di carattere personale, n\u00e8 vengono utilizzati c.d. cookies persistenti di alcun tipo, ovvero sistemi per il tracciamento degli utenti. L&#8217;uso di c.d. cookies di sessione (che non vengono memorizzati in modo persistente sul computer dell&#8217;utente e svaniscono con la chiusura del browser) \u00e8 strettamente limitato alla trasmissione di identificativi di sessione (costituiti da numeri casuali generati dal server) necessari per consentire l&#8217;esplorazione sicura ed efficiente del sito. I c.d. cookies di sessione utilizzati in questo sito evitano il ricorso ad altre tecniche informatiche potenzialmente pregiudizievoli per la riservatezza della navigazione degli utenti e non consentono l&#8217;acquisizione di dati personali identificativi dell&#8217;utente.<\/span><\/p>\n<p>&nbsp;<\/p>\n<p><span style=\"color: #ffffff;\">FACOLTATIVITA&#8217; DEL CONFERIMENTO DEI DATI<\/span><\/p>\n<p><span style=\"color: #ffffff;\">A parte quanto specificato per i dati di navigazione, l&#8217;utente \u00e8 libero di fornire i dati personali riportati nei moduli di richiesta ad A.SELVA SNC DI FRANCIA FABIO &amp;C o comunque indicati in contatti per sollecitare l&#8217;invio di materiale informativo o di altre comunicazioni. Il loro mancato conferimento pu\u00f2 comportare l&#8217;impossibilit\u00e0&nbsp; di ottenere quanto richiesto.<\/span><\/p>\n<p>&nbsp;<\/p>\n<p><span style=\"color: #ffffff;\">PARTE RISERVATA PER I MINORENNI<\/span><\/p>\n<p><span style=\"color: #ffffff;\">Nessuna persona di et\u00e0&nbsp; inferiore ai 18 anni, senza previo consenso dei genitori o di chi ne fa le veci, potr\u00e0&nbsp; inviare informazioni a questo sito Web, ne tantomeno potr\u00e0&nbsp; fare acquisti o perfezionare atti legali presso questo sito senza il suddetto consenso, a meno che ci\u00f2 non sia consentito dalle norme in vigore.<\/span><\/p>\n<p>&nbsp;<\/p>\n<p><span style=\"color: #ffffff;\">MODALITA&#8217; DEL TRATTAMENTO<\/span><\/p>\n<p><span style=\"color: #ffffff;\">I dati personali sono trattati con strumenti automatizzati per il tempo strettamente necessario a conseguire gli scopi per cui sono stati raccolti. Specifiche misure di sicurezza sono osservate per prevenire la perdita dei dati, usi illeciti o non corretti ed accessi non autorizzati.<\/span><\/p>\n<p>&nbsp;<\/p>\n<p><span style=\"color: #ffffff;\">DIRITTI DEGLI INTERESSATI<\/span><\/p>\n<p><span style=\"color: #ffffff;\">I soggetti cui si riferiscono i dati personali hanno il diritto in qualunque momento di ottenere la conferma dell&#8217;esistenza o meno dei medesimi dati e di conoscerne il contenuto e l&#8217;origine, verificarne l&#8217;esattezza o chiederne l&#8217;integrazione o l&#8217;aggiornamento, oppure la rettifica (art.7 del D.Lgs. n\u00b0 196\/2003). Ai sensi del medesimo articolo si ha il diritto di chiedere la cancellazione, la trasformazione in forma anonima o il blocco dei dati trattati in violazione di legge, nonch\u00e8 di opporsi in ogni caso, per motivi legittimi, al loro trattamento. Chiunque dovesse avere dubbi riguardanti il rispetto della politica per la tutela della privacy adottata da A.SELVA snc di Francia Fabio &amp;C, la sua applicazione, l&#8217;accuratezza dei tuoi dati personali o l&#8217;utilizzo delle informazioni raccolte pu\u00f2 contattarci tramite e-mail all&#8217;indirizzo info@selvaidro.it.<\/span><\/p>\n","protected":false},"excerpt":{"rendered":"<p>PERCHE&#8217; QUESTO AVVISO &nbsp; Grazie per dedicare qualche minuto alla consultazione di questa sezione del nostro sito Web. La tua privacy \u00e8 molto importante per A.SELVA SNC DI FRANCIA FABIO &amp;C e per tutelarla al meglio, ti forniamo queste note in cui troverai indicazioni sul tipo di informazioni raccolte online e sulle varie possibilit\u00e0&nbsp; che [&hellip;]<\/p>\n","protected":false},"author":1,"featured_media":0,"parent":0,"menu_order":0,"comment_status":"closed","ping_status":"closed","template":"","meta":{"ngg_post_thumbnail":0,"footnotes":""},"class_list":["post-2634","page","type-page","status-publish","hentry"],"_links":{"self":[{"href":"https:\/\/selvaidro.it\/index.php?rest_route=\/wp\/v2\/pages\/2634","targetHints":{"allow":["GET"]}}],"collection":[{"href":"https:\/\/selvaidro.it\/index.php?rest_route=\/wp\/v2\/pages"}],"about":[{"href":"https:\/\/selvaidro.it\/index.php?rest_route=\/wp\/v2\/types\/page"}],"author":[{"embeddable":true,"href":"https:\/\/selvaidro.it\/index.php?rest_route=\/wp\/v2\/users\/1"}],"replies":[{"embeddable":true,"href":"https:\/\/selvaidro.it\/index.php?rest_route=%2Fwp%2Fv2%2Fcomments&post=2634"}],"version-history":[{"count":0,"href":"https:\/\/selvaidro.it\/index.php?rest_route=\/wp\/v2\/pages\/2634\/revisions"}],"wp:attachment":[{"href":"https:\/\/selvaidro.it\/index.php?rest_route=%2Fwp%2Fv2%2Fmedia&parent=2634"}],"curies":[{"name":"wp","href":"https:\/\/api.w.org\/{rel}","templated":true}]}}